{"id":761,"date":"2023-06-06T15:24:13","date_gmt":"2023-06-06T13:24:13","guid":{"rendered":"https:\/\/head.unimi.it\/?page_id=761"},"modified":"2025-12-23T19:14:51","modified_gmt":"2025-12-23T18:14:51","slug":"ahead-series","status":"publish","type":"page","link":"https:\/\/head.unimi.it\/en\/ahead-series\/","title":{"rendered":"AHEAD Series"},"content":{"rendered":"\n<p><strong>The \u201cAHEAD\u201d series is designed as a \u201cvehicle\u201d for disseminating research conducted within the CRC in Health Administration (HEAD), involving faculty members from the SCIBIS department (main hub), as well as DEMM and Beccaria.<\/strong><\/p>\n\n\n\n<p>Within the CRC, numerous research studies and action-research projects are underway, which may lead to the publication of scientific books, \u201cinfluential\u201d texts, and professional manuals designed for the academic community, NHS professionals and the healthcare sector (managers and clinical\/care leaders), as well as institutional and political decision-makers.<\/p>\n\n\n\n<p>T<strong>he topics related to the healthcare-management nexus are highly relevant<\/strong> in both academic and professional debates. The Italian healthcare sector is undergoing profound transformations, including the growth of private providers, the vertical integration of insurance companies, NHS reforms, consolidation among service providers, unprecedented technological innovation, and intertwined ethical and economic issues. The audience interested in these topics is steadily growing, further driven by the increased awareness brought about by the recent pandemic.<\/p>\n\n\n\n<p><strong>The CRC HEAD\u2019s connections with the healthcare sector provide numerous opportunities<\/strong> to promote the works published in the series and to expand and strengthen UNIMI\u2019s strategic and institutional positioning as a regional and national reference point for healthcare economics, management, and policy.<\/p>\n\n\n\n<p>The series is designed to host works aimed at:<\/p>\n\n\n\n<ul class=\"wp-block-list\">\n<li>Managers of public and private healthcare organizations<\/li>\n\n\n\n<li>Entrepreneurs in the healthcare sector<\/li>\n\n\n\n<li>Policy-makers of the NHS\/RHS and the healthcare sector<\/li>\n\n\n\n<li>Clinical and healthcare profession leaders<\/li>\n\n\n\n<li>Researchers and academics interested in healthcare economics, policy, and management<\/li>\n\n\n\n<li>Executives and professionals from companies operating in the healthcare sector (pharmaceutical firms, medical devices, insurance companies, etc.)<\/li>\n<\/ul>\n\n\n\n<p>The title of the series is intentionally <strong>\u201cAHEAD\u201d<\/strong> to emphasize the level of innovation that characterizes the topics of management, economics, and healthcare policy covered within it. <strong>Always \u201cahead,\u201d at the forefront, pushing the boundaries of knowledge.<\/strong><\/p>\n\n\n\n<p>AHEAD publishes both books and working papers. Books are full-length monographs, while working papers provide timely publication of scientific analyses on the healthcare system and its ongoing transformations. These works can contribute to current debates and play an influential role in policymaking, the governance of the Italian NHS, and the work of European institutions.<\/p>\n\n\n\n<h1 class=\"wp-block-heading\"><a href=\"https:\/\/libri.unimi.it\/index.php\/AHEAD\/catalog\" target=\"_blank\" rel=\"noreferrer noopener\">Books<\/a><\/h1>\n\n\n\n<div class=\"wp-block-columns is-layout-flex wp-container-core-columns-is-layout-1 wp-block-columns-is-layout-flex\">\n<div class=\"wp-block-column is-layout-flow wp-block-column-is-layout-flow\">\n<div class=\"wp-block-media-text is-stacked-on-mobile\"><figure class=\"wp-block-media-text__media\"><img loading=\"lazy\" decoding=\"async\" width=\"735\" height=\"1024\" src=\"https:\/\/head.unimi.it\/wp-content\/uploads\/sites\/64\/2023\/11\/Market-Access-1-735x1024.png\" alt=\"\" class=\"wp-image-892 size-full\" srcset=\"https:\/\/head.unimi.it\/wp-content\/uploads\/sites\/64\/2023\/11\/Market-Access-1-735x1024.png 735w, https:\/\/head.unimi.it\/wp-content\/uploads\/sites\/64\/2023\/11\/Market-Access-1-430x600.png 430w, https:\/\/head.unimi.it\/wp-content\/uploads\/sites\/64\/2023\/11\/Market-Access-1-768x1070.png 768w, https:\/\/head.unimi.it\/wp-content\/uploads\/sites\/64\/2023\/11\/Market-Access-1.png 782w\" sizes=\"(max-width: 735px) 100vw, 735px\" \/><\/figure><div class=\"wp-block-media-text__content\">\n<p>Galliverti Giuseppe, Saraceni Nicola &amp; Lega Federico<\/p>\n\n\n\n<p><br><a href=\"https:\/\/libri.unimi.it\/index.php\/AHEAD\/catalog\/book\/111\">Market Access: Nuovi paradigmi manageriali e strumenti operativi per le imprese del Life Science (perch\u00e9 niente \u00e8 pi\u00f9 come prima)<\/a><\/p>\n<\/div><\/div>\n<\/div>\n\n\n\n<div class=\"wp-block-column is-layout-flow wp-block-column-is-layout-flow\">\n<div class=\"wp-block-media-text is-stacked-on-mobile\"><figure class=\"wp-block-media-text__media\"><img loading=\"lazy\" decoding=\"async\" width=\"732\" height=\"1024\" src=\"https:\/\/head.unimi.it\/wp-content\/uploads\/sites\/64\/2023\/11\/Consumi-Sanitari-1-732x1024.png\" alt=\"\" class=\"wp-image-890 size-full\" srcset=\"https:\/\/head.unimi.it\/wp-content\/uploads\/sites\/64\/2023\/11\/Consumi-Sanitari-1-732x1024.png 732w, https:\/\/head.unimi.it\/wp-content\/uploads\/sites\/64\/2023\/11\/Consumi-Sanitari-1-429x600.png 429w, https:\/\/head.unimi.it\/wp-content\/uploads\/sites\/64\/2023\/11\/Consumi-Sanitari-1-768x1074.png 768w, https:\/\/head.unimi.it\/wp-content\/uploads\/sites\/64\/2023\/11\/Consumi-Sanitari-1.png 778w\" sizes=\"(max-width: 732px) 100vw, 732px\" \/><\/figure><div class=\"wp-block-media-text__content\">\n<p>Ferraris Cristian &amp; Lega Federico<\/p>\n\n\n\n<p><br><a href=\"https:\/\/libri.unimi.it\/index.php\/AHEAD\/catalog\/book\/152\">I consumi sanitari privati in Italia: Presente e prospettive<\/a><\/p>\n<\/div><\/div>\n<\/div>\n<\/div>\n\n\n\n<h1 class=\"wp-block-heading\"><a href=\"https:\/\/libri.unimi.it\/index.php\/ahead\/catalog\/series\/quaderni\">Published <\/a><a href=\"https:\/\/libri.unimi.it\/index.php\/ahead\/catalog\/series\/quaderni\" target=\"_blank\" rel=\"noreferrer noopener\">papers<\/a><\/h1>\n\n\n\n<div class=\"wp-block-columns is-layout-flex wp-container-core-columns-is-layout-2 wp-block-columns-is-layout-flex\">\n<div class=\"wp-block-column is-layout-flow wp-block-column-is-layout-flow\">\n<div class=\"wp-block-media-text is-stacked-on-mobile\"><figure class=\"wp-block-media-text__media\"><img loading=\"lazy\" decoding=\"async\" width=\"725\" height=\"1024\" src=\"https:\/\/head.unimi.it\/wp-content\/uploads\/sites\/64\/2024\/07\/Fac-Simile_copertina_page-0001-725x1024.jpg\" alt=\"\" class=\"wp-image-986 size-full\" srcset=\"https:\/\/head.unimi.it\/wp-content\/uploads\/sites\/64\/2024\/07\/Fac-Simile_copertina_page-0001-725x1024.jpg 725w, https:\/\/head.unimi.it\/wp-content\/uploads\/sites\/64\/2024\/07\/Fac-Simile_copertina_page-0001-425x600.jpg 425w, https:\/\/head.unimi.it\/wp-content\/uploads\/sites\/64\/2024\/07\/Fac-Simile_copertina_page-0001-768x1085.jpg 768w, https:\/\/head.unimi.it\/wp-content\/uploads\/sites\/64\/2024\/07\/Fac-Simile_copertina_page-0001-1087x1536.jpg 1087w, https:\/\/head.unimi.it\/wp-content\/uploads\/sites\/64\/2024\/07\/Fac-Simile_copertina_page-0001.jpg 1241w\" sizes=\"(max-width: 725px) 100vw, 725px\" \/><\/figure><div class=\"wp-block-media-text__content\">\n<p>Occhi Mauro<\/p>\n\n\n\n<p><br><a href=\"https:\/\/zenodo.org\/records\/10252355\" target=\"_blank\" rel=\"noreferrer noopener\">Analisi semiseria delle coorrenti teorie manageriali applicate alla sanit\u00e0 in Italia &#8211; PNRR come keis stadi<\/a><\/p>\n<\/div><\/div>\n\n\n\n<p><\/p>\n\n\n\n<div class=\"wp-block-media-text is-stacked-on-mobile\"><figure class=\"wp-block-media-text__media\"><img loading=\"lazy\" decoding=\"async\" width=\"725\" height=\"1024\" src=\"https:\/\/head.unimi.it\/wp-content\/uploads\/sites\/64\/2024\/06\/Copertina-1-725x1024.jpg\" alt=\"\" class=\"wp-image-975 size-full\" srcset=\"https:\/\/head.unimi.it\/wp-content\/uploads\/sites\/64\/2024\/06\/Copertina-1-725x1024.jpg 725w, https:\/\/head.unimi.it\/wp-content\/uploads\/sites\/64\/2024\/06\/Copertina-1-425x600.jpg 425w, https:\/\/head.unimi.it\/wp-content\/uploads\/sites\/64\/2024\/06\/Copertina-1-768x1085.jpg 768w, https:\/\/head.unimi.it\/wp-content\/uploads\/sites\/64\/2024\/06\/Copertina-1-1087x1536.jpg 1087w, https:\/\/head.unimi.it\/wp-content\/uploads\/sites\/64\/2024\/06\/Copertina-1.jpg 1241w\" sizes=\"(max-width: 725px) 100vw, 725px\" \/><\/figure><div class=\"wp-block-media-text__content\">\n<p>Edited by Lega Federico<\/p>\n\n\n\n<p><br><a href=\"https:\/\/zenodo.org\/records\/12543055\" target=\"_blank\" rel=\"noreferrer noopener\">Sostenibilit\u00e0, equit\u00e0 e gestione dell&#8217;innovazione in ambito dispositivi e diagnostica in vitro<\/a><\/p>\n<\/div><\/div>\n\n\n\n<p><\/p>\n\n\n\n<div class=\"wp-block-media-text is-stacked-on-mobile\"><figure class=\"wp-block-media-text__media\"><img loading=\"lazy\" decoding=\"async\" width=\"725\" height=\"1024\" src=\"https:\/\/head.unimi.it\/wp-content\/uploads\/sites\/64\/2024\/08\/Raw-copertina_laboratorio_page-0001-725x1024.jpg\" alt=\"\" class=\"wp-image-991 size-full\" srcset=\"https:\/\/head.unimi.it\/wp-content\/uploads\/sites\/64\/2024\/08\/Raw-copertina_laboratorio_page-0001-725x1024.jpg 725w, https:\/\/head.unimi.it\/wp-content\/uploads\/sites\/64\/2024\/08\/Raw-copertina_laboratorio_page-0001-425x600.jpg 425w, https:\/\/head.unimi.it\/wp-content\/uploads\/sites\/64\/2024\/08\/Raw-copertina_laboratorio_page-0001-768x1085.jpg 768w, https:\/\/head.unimi.it\/wp-content\/uploads\/sites\/64\/2024\/08\/Raw-copertina_laboratorio_page-0001-1087x1536.jpg 1087w, https:\/\/head.unimi.it\/wp-content\/uploads\/sites\/64\/2024\/08\/Raw-copertina_laboratorio_page-0001.jpg 1241w\" sizes=\"(max-width: 725px) 100vw, 725px\" \/><\/figure><div class=\"wp-block-media-text__content\">\n<p>Lega Federico, Maggioni Elena e Michele Giovanni Cusmai<\/p>\n\n\n\n<p><a href=\"https:\/\/zenodo.org\/records\/13152164\" target=\"_blank\" rel=\"noreferrer noopener\">I modelli di servizio nella Medicina di Laboratorio<\/a><\/p>\n<\/div><\/div>\n<\/div>\n\n\n\n<div class=\"wp-block-column is-vertically-aligned-stretch is-layout-flow wp-block-column-is-layout-flow\">\n<div class=\"wp-block-media-text is-stacked-on-mobile\"><figure class=\"wp-block-media-text__media\"><img loading=\"lazy\" decoding=\"async\" width=\"724\" height=\"1024\" src=\"https:\/\/head.unimi.it\/wp-content\/uploads\/sites\/64\/2024\/06\/Screenshot-2024-06-25-alle-23.05.11-2-724x1024.png\" alt=\"\" class=\"wp-image-965 size-full\" srcset=\"https:\/\/head.unimi.it\/wp-content\/uploads\/sites\/64\/2024\/06\/Screenshot-2024-06-25-alle-23.05.11-2-724x1024.png 724w, https:\/\/head.unimi.it\/wp-content\/uploads\/sites\/64\/2024\/06\/Screenshot-2024-06-25-alle-23.05.11-2-424x600.png 424w, https:\/\/head.unimi.it\/wp-content\/uploads\/sites\/64\/2024\/06\/Screenshot-2024-06-25-alle-23.05.11-2-768x1086.png 768w, https:\/\/head.unimi.it\/wp-content\/uploads\/sites\/64\/2024\/06\/Screenshot-2024-06-25-alle-23.05.11-2.png 948w\" sizes=\"(max-width: 724px) 100vw, 724px\" \/><\/figure><div class=\"wp-block-media-text__content\">\n<p>Edited by Lega Federico<\/p>\n\n\n\n<p><br><a href=\"https:\/\/zenodo.org\/records\/12323302\" target=\"_blank\" rel=\"noreferrer noopener\">ONE SSN &#8211; Un progetto di institutional building per il SSN italiano<\/a><\/p>\n<\/div><\/div>\n\n\n\n<p><\/p>\n\n\n\n<div class=\"wp-block-media-text is-stacked-on-mobile\"><figure class=\"wp-block-media-text__media\"><img loading=\"lazy\" decoding=\"async\" width=\"725\" height=\"1024\" src=\"https:\/\/head.unimi.it\/wp-content\/uploads\/sites\/64\/2024\/07\/Fronte-copertina-725x1024.jpg\" alt=\"\" class=\"wp-image-979 size-full\" srcset=\"https:\/\/head.unimi.it\/wp-content\/uploads\/sites\/64\/2024\/07\/Fronte-copertina-725x1024.jpg 725w, https:\/\/head.unimi.it\/wp-content\/uploads\/sites\/64\/2024\/07\/Fronte-copertina-425x600.jpg 425w, https:\/\/head.unimi.it\/wp-content\/uploads\/sites\/64\/2024\/07\/Fronte-copertina-768x1085.jpg 768w, https:\/\/head.unimi.it\/wp-content\/uploads\/sites\/64\/2024\/07\/Fronte-copertina-1087x1536.jpg 1087w, https:\/\/head.unimi.it\/wp-content\/uploads\/sites\/64\/2024\/07\/Fronte-copertina.jpg 1241w\" sizes=\"(max-width: 725px) 100vw, 725px\" \/><\/figure><div class=\"wp-block-media-text__content\">\n<p>Lega Federico, Serpieri Chiara, Meloda Chiara, e Pastorelli Emanuela<\/p>\n\n\n\n<p><a href=\"https:\/\/zenodo.org\/records\/12722356\" target=\"_blank\" rel=\"noreferrer noopener\">Ragioni e riflessioni sull&#8217;evoluzione del ricorso ai professionisti contrattualizzati: da contingenza a modello di servizio<\/a><\/p>\n<\/div><\/div>\n\n\n\n<p><\/p>\n\n\n\n<div class=\"wp-block-media-text is-stacked-on-mobile\"><figure class=\"wp-block-media-text__media\"><img loading=\"lazy\" decoding=\"async\" width=\"724\" height=\"1024\" src=\"https:\/\/head.unimi.it\/wp-content\/uploads\/sites\/64\/2025\/12\/Copertina_AHEAD_1_2025_page-0001-724x1024.jpg\" alt=\"\" class=\"wp-image-1183 size-full\" srcset=\"https:\/\/head.unimi.it\/wp-content\/uploads\/sites\/64\/2025\/12\/Copertina_AHEAD_1_2025_page-0001-724x1024.jpg 724w, https:\/\/head.unimi.it\/wp-content\/uploads\/sites\/64\/2025\/12\/Copertina_AHEAD_1_2025_page-0001-424x600.jpg 424w, https:\/\/head.unimi.it\/wp-content\/uploads\/sites\/64\/2025\/12\/Copertina_AHEAD_1_2025_page-0001-768x1086.jpg 768w, https:\/\/head.unimi.it\/wp-content\/uploads\/sites\/64\/2025\/12\/Copertina_AHEAD_1_2025_page-0001-1086x1536.jpg 1086w, https:\/\/head.unimi.it\/wp-content\/uploads\/sites\/64\/2025\/12\/Copertina_AHEAD_1_2025_page-0001.jpg 1241w\" sizes=\"(max-width: 724px) 100vw, 724px\" \/><\/figure><div class=\"wp-block-media-text__content\">\n<p>Maggioni Elena, Castellini Giada e Lega Federico<\/p>\n\n\n\n<p><a href=\"https:\/\/zenodo.org\/records\/15877572\">UNIVANTS of Healthcare Excellence Award &#8211; Report 2018-2025<\/a><\/p>\n<\/div><\/div>\n<\/div>\n<\/div>\n\n\n\n<hr class=\"wp-block-separator has-alpha-channel-opacity is-style-wide\" \/>\n\n\n\n<h3 class=\"wp-block-heading\">Composition of the Scientific Committee<br>(all professors from UNIMI, members of the CRC HEAD)<\/h3>\n\n\n\n<div class=\"wp-block-columns is-layout-flex wp-container-core-columns-is-layout-3 wp-block-columns-is-layout-flex\">\n<div class=\"wp-block-column is-layout-flow wp-block-column-is-layout-flow\" style=\"flex-basis:33.33%\">\n<p><strong>National board<\/strong><\/p>\n\n\n\n<ul class=\"wp-block-list\">\n<li>Francesco Auxilia \u2013 SCIBIS<\/li>\n\n\n\n<li>Alessandro Boscati \u2013 Beccaria<\/li>\n\n\n\n<li>Silvana Castaldi \u2013 SCIBIS<\/li>\n\n\n\n<li>Carlo Fiorio \u2013 DEMM<\/li>\n\n\n\n<li>Federico Lega \u2013 SCIBIS<\/li>\n\n\n\n<li>Marta Marsilio \u2013 DEMM<\/li>\n\n\n\n<li>Chiara Guglielmetti \u2013 DEMM<\/li>\n\n\n\n<li>Anna Prenestini \u2013 DEMM<\/li>\n\n\n\n<li>Luca Solari \u2013 SPS<\/li>\n\n\n\n<li>Francesco Maria Spano \u2013 DEMM<\/li>\n\n\n\n<li>Vincenzo Zuccotti \u2013 DIBIC L. Sacco<\/li>\n<\/ul>\n<\/div>\n\n\n\n<div class=\"wp-block-column is-layout-flow wp-block-column-is-layout-flow\"><\/div>\n\n\n\n<div class=\"wp-block-column is-layout-flow wp-block-column-is-layout-flow\"><\/div>\n\n\n\n<div class=\"wp-block-column is-layout-flow wp-block-column-is-layout-flow\" style=\"flex-basis:66.66%\">\n<p><strong>International board<\/strong><\/p>\n\n\n\n<ul class=\"wp-block-list\">\n<li>Mats Brommels, senior professor, Medical Management Centre, Karolinska Institute, Sweden<\/li>\n\n\n\n<li>Kees Ahaus, head of Health Services Management &amp; Organisation Programmes, Rotterdam University, the Netherlands<\/li>\n\n\n\n<li>Tom D\u2019aunno, professor of management, Robert F. Wagner Graduate School of Public Service, New York University, New York, USA<\/li>\n\n\n\n<li>Russel Mannion, professor of health systems, Health Services Management Centre, University of Birmingham, UK<\/li>\n\n\n\n<li>Stephen J. O\u2019Connor, University of Alabama at Birmingham, USA<\/li>\n\n\n\n<li>Natasha Azzopardi-Muscat, director of the Division of Country Health Policies and Systems at the WHO regional office for Europe; associate professor at the University of Malta<\/li>\n\n\n\n<li>Gary Young, director, Northeastern University Center for <em>Health<\/em>Policyand<em> Healthcare <\/em>Research, Boston, USA<\/li>\n<\/ul>\n<\/div>\n<\/div>\n\n\n\n<div class=\"wp-block-group\"><div class=\"wp-block-group__inner-container is-layout-constrained wp-block-group-is-layout-constrained\">\n<p><strong>Editorial Board&nbsp;<\/strong><br><br><strong>Editorial Coordinator:<\/strong> Prof. Federico Lega<br>Expert members for the different areas of expertise\/sector:<\/p>\n\n\n\n<ul class=\"wp-block-list\">\n<li>Carlo Nicora, General Director, IRCCS San Matteo, Pavia, and FIASO vice president; healthcare management<\/li>\n\n\n\n<li>Silvio Brusaferro, full professor of hygiene, University of Udine, and president of the Italian National Institute of Health [ISS, Istituto Superiore di Sanit\u00e0]; healthcare policies<\/li>\n\n\n\n<li>Stefano Capolongo, full professor, Politecnico of Milan, scientific coordinator of the cluster entitled \u201cProgettazione delle strutture sanitarie. Architettura, Edilizia, Urbanistica, Territorio\u201d; healthcare engineering and architecture<\/li>\n\n\n\n<li>Anne Destrebecq, full professor of general nursing, University of Milan, Dept. of Biomedical Science and Health; healthcare professions<\/li>\n\n\n\n<li>Alessandro Boscati, full professor of labor law, University of Milan, Cesare Beccaria Department of Law; healthcare law<\/li>\n<\/ul>\n<\/div><\/div>\n","protected":false},"excerpt":{"rendered":"<p>The \u201cAHEAD\u201d series is designed as a \u201cvehicle\u201d for disseminating research conducted within the CRC in Health Administration (HEAD), involving faculty members from the SCIBIS department (main hub), as well as DEMM and Beccaria. Within the CRC, numerous research studies and action-research projects are underway, which may lead to the publication of scientific books, \u201cinfluential\u201d [&hellip;]<\/p>\n","protected":false},"author":186,"featured_media":0,"parent":0,"menu_order":7,"comment_status":"closed","ping_status":"closed","template":"","meta":{"_acf_changed":false,"footnotes":""},"class_list":["post-761","page","type-page","status-publish","hentry"],"acf":[],"_links":{"self":[{"href":"https:\/\/head.unimi.it\/en\/wp-json\/wp\/v2\/pages\/761"}],"collection":[{"href":"https:\/\/head.unimi.it\/en\/wp-json\/wp\/v2\/pages"}],"about":[{"href":"https:\/\/head.unimi.it\/en\/wp-json\/wp\/v2\/types\/page"}],"author":[{"embeddable":true,"href":"https:\/\/head.unimi.it\/en\/wp-json\/wp\/v2\/users\/186"}],"replies":[{"embeddable":true,"href":"https:\/\/head.unimi.it\/en\/wp-json\/wp\/v2\/comments?post=761"}],"version-history":[{"count":25,"href":"https:\/\/head.unimi.it\/en\/wp-json\/wp\/v2\/pages\/761\/revisions"}],"predecessor-version":[{"id":1185,"href":"https:\/\/head.unimi.it\/en\/wp-json\/wp\/v2\/pages\/761\/revisions\/1185"}],"wp:attachment":[{"href":"https:\/\/head.unimi.it\/en\/wp-json\/wp\/v2\/media?parent=761"}],"curies":[{"name":"wp","href":"https:\/\/api.w.org\/{rel}","templated":true}]}}